{"id":2,"date":"2025-06-10T09:54:47","date_gmt":"2025-06-10T09:54:47","guid":{"rendered":"http:\/\/neu.gestuet-amurath.de\/?page_id=2"},"modified":"2025-12-07T16:50:50","modified_gmt":"2025-12-07T15:50:50","slug":"imprint","status":"publish","type":"page","link":"https:\/\/gestuet-amurath.de\/en\/impressum\/","title":{"rendered":"Imprint"},"content":{"rendered":"<h2 class=\"wp-block-heading has-large-font-size\">Information in accordance with the Digital Services Act (DDG) \/ Media State Treaty (MStV)<\/h2>\n\n\n\n<p>Gabriele and Bernd Zimmermann<br>Hagm\u00fchle 2<br>88279 Amtzell<br>Germany<\/p>\n\n\n\n<p>Phone: +49 (0)7522-93 15 60<br>e-mail: <a href=\"mailto:info@gestuet-amurath.de\">info@gestuet-amurath.de<\/a><\/p>\n\n\n\n<div style=\"height:50px\" aria-hidden=\"true\" class=\"wp-block-spacer\"><\/div>\n\n\n\n<h2 class=\"wp-block-heading has-large-font-size\">This legal notice also applies to our social media profiles:<\/h2>\n\n\n\n<p>Facebook: <a href=\"https:\/\/www.facebook.com\/gestuet.amurath\">https:\/\/www.facebook.com\/gestuet.amurath<\/a><br>Instagram: <a href=\"https:\/\/www.instagram.com\/amurathstud\">https:\/\/www.instagram.com\/amurathstud<\/a><\/p>\n\n\n\n<div style=\"height:50px\" aria-hidden=\"true\" class=\"wp-block-spacer\"><\/div>\n\n\n\n<h2 class=\"wp-block-heading has-large-font-size\">Responsible for content according to \u00a7 18 MStV:<\/h2>\n\n\n\n<p>Bernd Zimmermann (address see above)<\/p>\n\n\n\n<div style=\"height:50px\" aria-hidden=\"true\" class=\"wp-block-spacer\"><\/div>\n\n\n\n<p>The competent supervisory authority for audiovisual media services is Landesanstalt f\u00fcr Kommunikation Baden-W\u00fcrttemberg (LFK), Reinsburgstra\u00dfe 27, 70178 Stuttgart.<\/p>\n\n\n\n<div style=\"height:50px\" aria-hidden=\"true\" class=\"wp-block-spacer\"><\/div>\n\n\n\n<h2 class=\"wp-block-heading\">Picture credits<\/h2>\n\n\n\n<p>\u00a9 Archive = Archive Zimmermann<br>\u00a9 AB = Anna Bundschuh<br>\u00a9 CD = Christa Dott<br>\u00a9 DD = Doris Dobetsberger<br>EE = Erwin Escher<br>EM = E. Maxwell<br>\u00a9 GA = Gregor Aymar<br>GB = G. Bietry<br>\u00a9 GW = G. Waiditschka<br>\u00a9 JJ = J. Jonientz<br>\u00a9 JU = Johanna Ullstr\u00f6m<br>\u00a9 KU = Kim Unger<br>\u00a9 LH = Lisa Heckenb\u00fccker<br>\u00a9 MG = Melanie Groger<br>\u00a9 OS = Oliver Seitz<br>\u00a9 PV = Paulina Vogelsang<br>\u00a9 VK = Virginia Knei\u00dfl<br><\/p>\n\n\n\n<div style=\"height:100px\" aria-hidden=\"true\" class=\"wp-block-spacer\"><\/div>","protected":false},"excerpt":{"rendered":"<p>Angaben gem\u00e4\u00df Digitale-Dienste-Gesetz (DDG) \/ MedienStaatsVertrag (MStV) Gabriele und Bernd ZimmermannHagm\u00fchle 288279 AmtzellDeutschland Telefon: +49 (0)7522-93 15 60E-Mail: info@gestuet-amurath.de Dieses Impressum gilt auch f\u00fcr unsere Social Media Profile: Facebook: https:\/\/www.facebook.com\/gestuet.amurathInstagram: https:\/\/www.instagram.com\/amurathstud Inhaltlich Verantwortliche gem. \u00a7 18 MStV: Bernd Zimmermann (Anschrift s.o.) zust\u00e4ndige Aufsichtsbeh\u00f6rde f\u00fcr audiovisuelle Mediendienste ist Landesanstalt f\u00fcr Kommunikation Baden-W\u00fcrttemberg (LFK), Reinsburgstra\u00dfe 27, 70178 [&hellip;]<\/p>\n","protected":false},"author":1,"featured_media":0,"parent":0,"menu_order":0,"comment_status":"closed","ping_status":"open","template":"","meta":{"_acf_changed":false,"_et_pb_use_builder":"off","_et_pb_old_content":"<!-- wp:heading -->\n<h2 class=\"wp-block-heading\">Angaben gem\u00e4\u00df Digitale-Dienste-Gesetz (DDG) \/ MedienStaatsVertrag (MStV)<\/h2>\n<!-- \/wp:heading -->\n\n<!-- wp:paragraph -->\n<p>Gabriele und Bernd Zimmermann<br>Hagm\u00fchle 2<br>88279 Amtzell<br>Deutschland<\/p>\n<!-- \/wp:paragraph -->\n\n<!-- wp:paragraph -->\n<p>Telefon: +49 (0)7522-93 15 60<br>E-Mail: <a href=\"mailto:info@gestuet-amurath.de\">info@gestuet-amurath.de<\/a><\/p>\n<!-- \/wp:paragraph -->\n\n<!-- wp:spacer {\"height\":\"50px\"} -->\n<div style=\"height:50px\" aria-hidden=\"true\" class=\"wp-block-spacer\"><\/div>\n<!-- \/wp:spacer -->\n\n<!-- wp:heading -->\n<h2 class=\"wp-block-heading\">Dieses Impressum gilt auch f\u00fcr unsere Social Media Profile:<\/h2>\n<!-- \/wp:heading -->\n\n<!-- wp:paragraph -->\n<p>Facebook: <a href=\"https:\/\/www.facebook.com\/gestuet.amurath\">https:\/\/www.facebook.com\/gestuet.amurath<\/a><br>Instagram: <a href=\"https:\/\/www.instagram.com\/amurathstud\">https:\/\/www.instagram.com\/amurathstud<\/a><\/p>\n<!-- \/wp:paragraph -->\n\n<!-- wp:spacer {\"height\":\"50px\"} -->\n<div style=\"height:50px\" aria-hidden=\"true\" class=\"wp-block-spacer\"><\/div>\n<!-- \/wp:spacer -->\n\n<!-- wp:heading -->\n<h2 class=\"wp-block-heading\"><strong>Inhaltlich Verantwortliche gem. \u00a7 <\/strong>18<strong> MStV:<\/strong><\/h2>\n<!-- \/wp:heading -->\n\n<!-- wp:paragraph -->\n<p>Gabriele Zimmermann (Anschrift s.o.)<\/p>\n<!-- \/wp:paragraph -->\n\n<!-- wp:spacer {\"height\":\"50px\"} -->\n<div style=\"height:50px\" aria-hidden=\"true\" class=\"wp-block-spacer\"><\/div>\n<!-- \/wp:spacer -->\n\n<!-- wp:paragraph -->\n<p><\/p>\n<!-- \/wp:paragraph -->\n\n<!-- wp:paragraph -->\n<p>zust\u00e4ndige Aufsichtsbeh\u00f6rde f\u00fcr audiovisuelle Mediendienste ist Landesanstalt f\u00fcr Kommunikation Baden-W\u00fcrttemberg (LFK), Reinsburgstra\u00dfe 27, 70178 Stuttgart.<\/p>\n<!-- \/wp:paragraph -->\n\n<!-- wp:spacer -->\n<div style=\"height:100px\" aria-hidden=\"true\" class=\"wp-block-spacer\"><\/div>\n<!-- \/wp:spacer -->","_et_gb_content_width":"1080","footnotes":""},"class_list":["post-2","page","type-page","status-publish","hentry"],"acf":[],"yoast_head":"<!-- This site is optimized with the Yoast SEO plugin v27.4 - https:\/\/yoast.com\/product\/yoast-seo-wordpress\/ -->\n<title>Impressum - Vollblutaraber Gest\u00fct Amurath<\/title>\n<meta name=\"robots\" content=\"index, follow, max-snippet:-1, max-image-preview:large, max-video-preview:-1\" \/>\n<link rel=\"canonical\" href=\"https:\/\/gestuet-amurath.de\/en\/imprint\/\" \/>\n<meta property=\"og:locale\" content=\"en_GB\" \/>\n<meta property=\"og:type\" content=\"article\" \/>\n<meta property=\"og:title\" content=\"Impressum - Vollblutaraber Gest\u00fct Amurath\" \/>\n<meta property=\"og:description\" content=\"Angaben gem\u00e4\u00df Digitale-Dienste-Gesetz (DDG) \/ MedienStaatsVertrag (MStV) Gabriele und Bernd ZimmermannHagm\u00fchle 288279 AmtzellDeutschland Telefon: +49 (0)7522-93 15 60E-Mail: info@gestuet-amurath.de Dieses Impressum gilt auch f\u00fcr unsere Social Media Profile: Facebook: https:\/\/www.facebook.com\/gestuet.amurathInstagram: https:\/\/www.instagram.com\/amurathstud Inhaltlich Verantwortliche gem. \u00a7 18 MStV: Bernd Zimmermann (Anschrift s.o.) zust\u00e4ndige Aufsichtsbeh\u00f6rde f\u00fcr audiovisuelle Mediendienste ist Landesanstalt f\u00fcr Kommunikation Baden-W\u00fcrttemberg (LFK), Reinsburgstra\u00dfe 27, 70178 [&hellip;]\" \/>\n<meta property=\"og:url\" content=\"https:\/\/gestuet-amurath.de\/en\/imprint\/\" \/>\n<meta property=\"og:site_name\" content=\"Vollblutaraber Gest\u00fct Amurath\" \/>\n<meta property=\"article:modified_time\" content=\"2025-12-07T15:50:50+00:00\" \/>\n<meta name=\"twitter:card\" content=\"summary_large_image\" \/>\n<meta name=\"twitter:label1\" content=\"Estimated reading time\" \/>\n\t<meta name=\"twitter:data1\" content=\"1 minute\" \/>\n<script type=\"application\/ld+json\" class=\"yoast-schema-graph\">{\"@context\":\"https:\\\/\\\/schema.org\",\"@graph\":[{\"@type\":\"WebPage\",\"@id\":\"https:\\\/\\\/gestuet-amurath.de\\\/impressum\\\/\",\"url\":\"https:\\\/\\\/gestuet-amurath.de\\\/impressum\\\/\",\"name\":\"Impressum - Vollblutaraber Gest\u00fct Amurath\",\"isPartOf\":{\"@id\":\"https:\\\/\\\/gestuet-amurath.de\\\/#website\"},\"datePublished\":\"2025-06-10T09:54:47+00:00\",\"dateModified\":\"2025-12-07T15:50:50+00:00\",\"breadcrumb\":{\"@id\":\"https:\\\/\\\/gestuet-amurath.de\\\/impressum\\\/#breadcrumb\"},\"inLanguage\":\"en-GB\",\"potentialAction\":[{\"@type\":\"ReadAction\",\"target\":[\"https:\\\/\\\/gestuet-amurath.de\\\/impressum\\\/\"]}]},{\"@type\":\"BreadcrumbList\",\"@id\":\"https:\\\/\\\/gestuet-amurath.de\\\/impressum\\\/#breadcrumb\",\"itemListElement\":[{\"@type\":\"ListItem\",\"position\":1,\"name\":\"Startseite\",\"item\":\"https:\\\/\\\/gestuet-amurath.de\\\/\"},{\"@type\":\"ListItem\",\"position\":2,\"name\":\"Impressum\"}]},{\"@type\":\"WebSite\",\"@id\":\"https:\\\/\\\/gestuet-amurath.de\\\/#website\",\"url\":\"https:\\\/\\\/gestuet-amurath.de\\\/\",\"name\":\"Vollblutaraber-Gest\u00fct Amurath\",\"description\":\"Typvolle Araber f\u00fcr Zucht, Sport, Freizeit und Familie aus Weil-Marbacher, polnisch-\u00e4gyptischen und brasilianischen Blutlinien\",\"potentialAction\":[{\"@type\":\"SearchAction\",\"target\":{\"@type\":\"EntryPoint\",\"urlTemplate\":\"https:\\\/\\\/gestuet-amurath.de\\\/?s={search_term_string}\"},\"query-input\":{\"@type\":\"PropertyValueSpecification\",\"valueRequired\":true,\"valueName\":\"search_term_string\"}}],\"inLanguage\":\"en-GB\"}]}<\/script>\n<!-- \/ Yoast SEO plugin. -->","yoast_head_json":{"title":"Imprint - Thoroughbred Arabian Stud Amurath","robots":{"index":"index","follow":"follow","max-snippet":"max-snippet:-1","max-image-preview":"max-image-preview:large","max-video-preview":"max-video-preview:-1"},"canonical":"https:\/\/gestuet-amurath.de\/en\/imprint\/","og_locale":"en_GB","og_type":"article","og_title":"Impressum - Vollblutaraber Gest\u00fct Amurath","og_description":"Angaben gem\u00e4\u00df Digitale-Dienste-Gesetz (DDG) \/ MedienStaatsVertrag (MStV) Gabriele und Bernd ZimmermannHagm\u00fchle 288279 AmtzellDeutschland Telefon: +49 (0)7522-93 15 60E-Mail: info@gestuet-amurath.de Dieses Impressum gilt auch f\u00fcr unsere Social Media Profile: Facebook: https:\/\/www.facebook.com\/gestuet.amurathInstagram: https:\/\/www.instagram.com\/amurathstud Inhaltlich Verantwortliche gem. \u00a7 18 MStV: Bernd Zimmermann (Anschrift s.o.) zust\u00e4ndige Aufsichtsbeh\u00f6rde f\u00fcr audiovisuelle Mediendienste ist Landesanstalt f\u00fcr Kommunikation Baden-W\u00fcrttemberg (LFK), Reinsburgstra\u00dfe 27, 70178 [&hellip;]","og_url":"https:\/\/gestuet-amurath.de\/en\/imprint\/","og_site_name":"Vollblutaraber Gest\u00fct Amurath","article_modified_time":"2025-12-07T15:50:50+00:00","twitter_card":"summary_large_image","twitter_misc":{"Estimated reading time":"1 minute"},"schema":{"@context":"https:\/\/schema.org","@graph":[{"@type":"WebPage","@id":"https:\/\/gestuet-amurath.de\/impressum\/","url":"https:\/\/gestuet-amurath.de\/impressum\/","name":"Imprint - Thoroughbred Arabian Stud Amurath","isPartOf":{"@id":"https:\/\/gestuet-amurath.de\/#website"},"datePublished":"2025-06-10T09:54:47+00:00","dateModified":"2025-12-07T15:50:50+00:00","breadcrumb":{"@id":"https:\/\/gestuet-amurath.de\/impressum\/#breadcrumb"},"inLanguage":"en-GB","potentialAction":[{"@type":"ReadAction","target":["https:\/\/gestuet-amurath.de\/impressum\/"]}]},{"@type":"BreadcrumbList","@id":"https:\/\/gestuet-amurath.de\/impressum\/#breadcrumb","itemListElement":[{"@type":"ListItem","position":1,"name":"Startseite","item":"https:\/\/gestuet-amurath.de\/"},{"@type":"ListItem","position":2,"name":"Impressum"}]},{"@type":"WebSite","@id":"https:\/\/gestuet-amurath.de\/#website","url":"https:\/\/gestuet-amurath.de\/","name":"Amurath Purebred Arabian Stud Farm","description":"Typical Arabians for breeding, sport, leisure and family from Weil-Marbacher, Polish-Egyptian and Brazilian bloodlines","potentialAction":[{"@type":"SearchAction","target":{"@type":"EntryPoint","urlTemplate":"https:\/\/gestuet-amurath.de\/?s={search_term_string}"},"query-input":{"@type":"PropertyValueSpecification","valueRequired":true,"valueName":"search_term_string"}}],"inLanguage":"en-GB"}]}},"_links":{"self":[{"href":"https:\/\/gestuet-amurath.de\/en\/wp-json\/wp\/v2\/pages\/2","targetHints":{"allow":["GET"]}}],"collection":[{"href":"https:\/\/gestuet-amurath.de\/en\/wp-json\/wp\/v2\/pages"}],"about":[{"href":"https:\/\/gestuet-amurath.de\/en\/wp-json\/wp\/v2\/types\/page"}],"author":[{"embeddable":true,"href":"https:\/\/gestuet-amurath.de\/en\/wp-json\/wp\/v2\/users\/1"}],"replies":[{"embeddable":true,"href":"https:\/\/gestuet-amurath.de\/en\/wp-json\/wp\/v2\/comments?post=2"}],"version-history":[{"count":0,"href":"https:\/\/gestuet-amurath.de\/en\/wp-json\/wp\/v2\/pages\/2\/revisions"}],"wp:attachment":[{"href":"https:\/\/gestuet-amurath.de\/en\/wp-json\/wp\/v2\/media?parent=2"}],"curies":[{"name":"wp","href":"https:\/\/api.w.org\/{rel}","templated":true}]}}