{"id":14,"date":"2025-06-10T10:29:25","date_gmt":"2025-06-10T08:29:25","guid":{"rendered":"http:\/\/neu.gestuet-amurath.de\/?page_id=14"},"modified":"2025-12-11T12:48:41","modified_gmt":"2025-12-11T11:48:41","slug":"startseite","status":"publish","type":"page","link":"https:\/\/gestuet-amurath.de\/en\/","title":{"rendered":"Amurath Purebred Arabian Stud Farm"},"content":{"rendered":"\n[et_pb_section fb_built=&#8220;1&#8243; custom_padding_last_edited=&#8220;on|phone&#8220; _builder_version=&#8220;4.27.4&#8243; _module_preset=&#8220;default&#8220; background_enable_color=&#8220;off&#8220; use_background_color_gradient=&#8220;on&#8220; background_color_gradient_stops=&#8220;#f5efe4 60%|#dcc9a6 60%&#8220; custom_margin_tablet=&#8220;||||false|false&#8220; custom_margin_phone=&#8220;||||false|false&#8220; custom_margin_last_edited=&#8220;on|phone&#8220; custom_padding=&#8220;||||false|false&#8220; custom_padding_tablet=&#8220;30px||||false|false&#8220; custom_padding_phone=&#8220;20px||||false|false&#8220; background_last_edited=&#8220;on|phone&#8220; use_background_color_gradient_tablet=&#8220;on&#8220; use_background_color_gradient_phone=&#8220;on&#8220; background_color_gradient_stops_tablet=&#8220;#f5efe4 50%|#dcc9a6 50%&#8220; background_color_gradient_stops_phone=&#8220;#f5efe4 40%|#dcc9a6 40%&#8220; global_colors_info=&#8220;{}&#8220;][et_pb_row _builder_version=&#8220;4.27.4&#8243; _module_preset=&#8220;default&#8220; custom_margin=&#8220;||10px||false|false&#8220; custom_margin_tablet=&#8220;||0px||false|false&#8220; custom_margin_phone=&#8220;||-10px||false|false&#8220; custom_margin_last_edited=&#8220;on|phone&#8220; global_colors_info=&#8220;{}&#8220;][et_pb_column type=&#8220;4_4&#8243; _builder_version=&#8220;4.27.4&#8243; _module_preset=&#8220;default&#8220; global_colors_info=&#8220;{}&#8220;][et_pb_text _builder_version=&#8220;4.27.4&#8243; _module_preset=&#8220;default&#8220; header_2_font_size_tablet=&#8220;&#8220; header_2_font_size_phone=&#8220;&#8220; header_2_font_size_last_edited=&#8220;on|tablet&#8220; header_3_font_size_tablet=&#8220;&#8220; header_3_font_size_phone=&#8220;&#8220; header_3_font_size_last_edited=&#8220;on|phone&#8220; global_colors_info=&#8220;{}&#8220;]<h1 style=\"text-align: center;\">Willkommen auf dem Vollblutaraber-Gest\u00fct Amurath<\/h1>[\/et_pb_text][\/et_pb_column][\/et_pb_row][et_pb_row _builder_version=&#8220;4.27.4&#8243; _module_preset=&#8220;default&#8220; width=&#8220;65%&#8220; width_tablet=&#8220;95%&#8220; width_phone=&#8220;100%&#8220; width_last_edited=&#8220;on|desktop&#8220; max_width=&#8220;65%&#8220; module_alignment=&#8220;center&#8220; custom_padding=&#8220;0px||||false|false&#8220; custom_css_main_element=&#8220;max-width: 90%;||margin: 0 auto;||&#8220; global_colors_info=&#8220;{}&#8220;][et_pb_column type=&#8220;4_4&#8243; _builder_version=&#8220;4.27.4&#8243; _module_preset=&#8220;default&#8220; global_colors_info=&#8220;{}&#8220;][et_pb_slider arrows_custom_color=&#8220;#F8F5F1&#8243; dot_nav_custom_color=&#8220;#F8F5F1&#8243; module_class=&#8220;slider-untertitel-unten&#8220; _builder_version=&#8220;4.27.4&#8243; _module_preset=&#8220;default&#8220; module_alignment=&#8220;center&#8220; min_height=&#8220;60vh&#8220; min_height_tablet=&#8220;50vh&#8220; min_height_phone=&#8220;45vh&#8220; min_height_last_edited=&#8220;on|phone&#8220; max_height=&#8220;60vh&#8220; max_height_tablet=&#8220;50vh&#8220; max_height_phone=&#8220;45vh&#8220; max_height_last_edited=&#8220;on|desktop&#8220; hover_enabled=&#8220;0&#8243; global_colors_info=&#8220;{}&#8220; sticky_enabled=&#8220;0&#8243;][et_pb_slide _builder_version=&#8220;4.27.4&#8243; _module_preset=&#8220;default&#8220; background_enable_color=&#8220;off&#8220; background_image=&#8220;https:\/\/www.gestuet-amurath.de\/wp-content\/uploads\/2025\/07\/gestuet-amurath-1.jpg&#8220; background_enable_image=&#8220;on&#8220; hover_enabled=&#8220;0&#8243; global_colors_info=&#8220;{}&#8220; sticky_transition=&#8220;on&#8220; sticky_enabled=&#8220;0&#8243;]<p>\u00a9 PV<\/p>[\/et_pb_slide][et_pb_slide _builder_version=&#8220;4.27.4&#8243; _module_preset=&#8220;default&#8220; background_enable_color=&#8220;off&#8220; background_image=&#8220;https:\/\/www.gestuet-amurath.de\/wp-content\/uploads\/2025\/07\/gestuet-amurath-2.jpg&#8220; background_enable_image=&#8220;on&#8220; hover_enabled=&#8220;0&#8243; global_colors_info=&#8220;{}&#8220; sticky_transition=&#8220;on&#8220; sticky_enabled=&#8220;0&#8243;]<p>\u00a9 PV<\/p>[\/et_pb_slide][et_pb_slide _builder_version=&#8220;4.27.4&#8243; _module_preset=&#8220;default&#8220; background_enable_color=&#8220;off&#8220; background_image=&#8220;https:\/\/www.gestuet-amurath.de\/wp-content\/uploads\/2025\/07\/gestuet-amurath-3.jpg&#8220; background_enable_image=&#8220;on&#8220; hover_enabled=&#8220;0&#8243; global_colors_info=&#8220;{}&#8220; sticky_transition=&#8220;on&#8220; sticky_enabled=&#8220;0&#8243;]<p>\u00a9 PV<\/p>[\/et_pb_slide][et_pb_slide _builder_version=&#8220;4.27.4&#8243; _module_preset=&#8220;default&#8220; background_enable_color=&#8220;off&#8220; background_image=&#8220;https:\/\/www.gestuet-amurath.de\/wp-content\/uploads\/2025\/07\/gestuet-amurath-4.jpg&#8220; background_enable_image=&#8220;on&#8220; hover_enabled=&#8220;0&#8243; global_colors_info=&#8220;{}&#8220; sticky_transition=&#8220;on&#8220; sticky_enabled=&#8220;0&#8243;]<p>\u00a9 PV<\/p>[\/et_pb_slide][et_pb_slide arrows_custom_color=&#8220;#A9B29C&#8220; dot_nav_custom_color=&#8220;#F8F5F1&#8243; _builder_version=&#8220;4.27.4&#8243; _module_preset=&#8220;default&#8220; background_enable_color=&#8220;off&#8220; background_image=&#8220;https:\/\/www.gestuet-amurath.de\/wp-content\/uploads\/2025\/07\/gestuet-amurath-5.jpg&#8220; background_enable_image=&#8220;on&#8220; hover_enabled=&#8220;0&#8243; global_colors_info=&#8220;{}&#8220; sticky_transition=&#8220;on&#8220; sticky_enabled=&#8220;0&#8243;]<p>\u00a9 PV<\/p>[\/et_pb_slide][\/et_pb_slider][\/et_pb_column][\/et_pb_row][et_pb_row _builder_version=&#8220;4.27.4&#8243; _module_preset=&#8220;default&#8220; global_colors_info=&#8220;{}&#8220;][et_pb_column type=&#8220;4_4&#8243; _builder_version=&#8220;4.27.4&#8243; _module_preset=&#8220;default&#8220; global_colors_info=&#8220;{}&#8220;][et_pb_text _builder_version=&#8220;4.27.4&#8243; _module_preset=&#8220;default&#8220; global_colors_info=&#8220;{}&#8220;]<h2 style=\"text-align: center;\">Erleben Sie die Faszination edler Vollblutaraber<\/h2>\n<p style=\"text-align: center;\">\u2013 mit Leidenschaft, Herz und jahrzehntelanger Erfahrung gez\u00fcchtet.<\/p>\n<p style=\"text-align: center;\">Im Mittelpunkt stehen charakterstarke, menschenbezogene Arabische Vollbl\u00fcter mit typvollem Ausdruck und guten Bewegungen \u2013 ideal f\u00fcr Zucht, Sport und Freizeit. Unser Fokus liegt auf bew\u00e4hrten Stutenst\u00e4mmen mit Weiler, polnisch-\u00e4gyptischen und brasilianischen Blutlinien.<\/p>[\/et_pb_text][\/et_pb_column][\/et_pb_row][\/et_pb_section][et_pb_section fb_built=&#8220;1&#8243; _builder_version=&#8220;4.27.4&#8243; _module_preset=&#8220;default&#8220; custom_padding=&#8220;||0px||false|false&#8220; global_colors_info=&#8220;{}&#8220;][et_pb_row _builder_version=&#8220;4.27.4&#8243; _module_preset=&#8220;default&#8220; global_colors_info=&#8220;{}&#8220;][et_pb_column type=&#8220;4_4&#8243; _builder_version=&#8220;4.27.4&#8243; _module_preset=&#8220;default&#8220; global_colors_info=&#8220;{}&#8220;][et_pb_text _builder_version=&#8220;4.27.4&#8243; _module_preset=&#8220;default&#8220; text_orientation=&#8220;center&#8220; custom_margin=&#8220;||50px||false|false&#8220; custom_margin_tablet=&#8220;||||false|false&#8220; custom_margin_phone=&#8220;||||false|false&#8220; custom_margin_last_edited=&#8220;on|desktop&#8220; global_colors_info=&#8220;{}&#8220;]<h2>Unsere Verkaufspferde<\/h2>[\/et_pb_text][et_pb_blog fullwidth=&#8220;off&#8220; posts_number=&#8220;3&#8243; include_categories=&#8220;21&#8243; show_more=&#8220;on&#8220; show_author=&#8220;off&#8220; show_date=&#8220;off&#8220; show_pagination=&#8220;off&#8220; masonry_tile_background_color=&#8220;#F8F5F1&#8243; module_class=&#8220;blog-fest&#8220; _builder_version=&#8220;4.27.4&#8243; _module_preset=&#8220;default&#8220; read_more_font_size=&#8220;16px&#8220; background_color=&#8220;#F8F5F1&#8243; width_last_edited=&#8220;off|phone&#8220; display_conditions=&#8220;W10=&#8220; header_font_size_last_edited=&#8220;off|tablet&#8220; border_width_all=&#8220;0px&#8220; border_color_all=&#8220;#A9744F&#8220; border_width_top=&#8220;0px&#8220; border_radii_image=&#8220;on|50%|50%|50%|50%&#8220; border_width_all_image=&#8220;2px&#8220; border_color_all_image=&#8220;#A9B29C&#8220; box_shadow_spread_tablet=&#8220;&#8220; box_shadow_spread_phone=&#8220;&#8220; box_shadow_spread_last_edited=&#8220;on|desktop&#8220; box_shadow_style_image=&#8220;preset3&#8243; global_colors_info=&#8220;{}&#8220;][\/et_pb_blog][\/et_pb_column][\/et_pb_row][\/et_pb_section][et_pb_section fb_built=&#8220;1&#8243; _builder_version=&#8220;4.27.4&#8243; _module_preset=&#8220;default&#8220; global_colors_info=&#8220;{}&#8220;][et_pb_row column_structure=&#8220;1_2,1_2&#8243; make_equal=&#8220;on&#8220; _builder_version=&#8220;4.27.4&#8243; _module_preset=&#8220;default&#8220; locked=&#8220;off&#8220; global_colors_info=&#8220;{}&#8220;][et_pb_column type=&#8220;1_2&#8243; _builder_version=&#8220;4.27.4&#8243; _module_preset=&#8220;default&#8220; custom_css_main_element=&#8220;margin:auto;&#8220; global_colors_info=&#8220;{}&#8220;][et_pb_image src=&#8220;https:\/\/www.gestuet-amurath.de\/wp-content\/uploads\/2025\/08\/team_gestuet-amurath-2.jpg&#8220; title_text=&#8220;team_gestu\u0308t-amurath-2&#8243; _builder_version=&#8220;4.27.4&#8243; _module_preset=&#8220;default&#8220; transform_scale_tablet=&#8220;&#8220; transform_scale_phone=&#8220;105%|105%&#8220; transform_scale_last_edited=&#8220;on|desktop&#8220; transform_translate_tablet=&#8220;&#8220; transform_translate_phone=&#8220;&#8220; transform_translate_last_edited=&#8220;on|desktop&#8220; transform_rotate_tablet=&#8220;&#8220; transform_rotate_phone=&#8220;&#8220; transform_rotate_last_edited=&#8220;on|desktop&#8220; transform_skew_tablet=&#8220;&#8220; transform_skew_phone=&#8220;&#8220; transform_skew_last_edited=&#8220;on|desktop&#8220; transform_origin_tablet=&#8220;&#8220; transform_origin_phone=&#8220;&#8220; transform_origin_last_edited=&#8220;on|desktop&#8220; transform_styles_last_edited=&#8220;on|desktop&#8220; custom_margin=&#8220;||||false|false&#8220; custom_margin_tablet=&#8220;-50px||||false|false&#8220; custom_margin_phone=&#8220;||||false|false&#8220; custom_margin_last_edited=&#8220;on|phone&#8220; transform_styles_tablet=&#8220;&#8220; transform_styles_phone=&#8220;&#8220; box_shadow_style=&#8220;preset3&#8243; global_colors_info=&#8220;{}&#8220;][\/et_pb_image][et_pb_text _builder_version=&#8220;4.27.4&#8243; _module_preset=&#8220;default&#8220; text_font_size=&#8220;12px&#8220; custom_margin=&#8220;-20px||||false|false&#8220; custom_padding=&#8220;|||5px|false|false&#8220; locked=&#8220;off&#8220; global_colors_info=&#8220;{}&#8220;]<div class=\"image-caption\">\u00a9 Archiv\n<\/div>[\/et_pb_text][\/et_pb_column][et_pb_column type=&#8220;1_2&#8243; _builder_version=&#8220;4.27.4&#8243; _module_preset=&#8220;default&#8220; global_colors_info=&#8220;{}&#8220;][et_pb_text _builder_version=&#8220;4.27.4&#8243; _module_preset=&#8220;default&#8220; custom_margin_tablet=&#8220;50px||||false|false&#8220; custom_margin_phone=&#8220;50px||||false|false&#8220; custom_margin_last_edited=&#8220;on|phone&#8220; global_colors_info=&#8220;{}&#8220;]<h2>\u00dcber uns<\/h2>\n<p>Seit 1992 ist das Gest\u00fct Amurath f\u00fcr Gabriele und Bernd Zimmermann mehr als ein Zuhause: Es ist ihre Leidenschaft, ihr Lebenswerk. Unterst\u00fctzt werden sie dabei von einem kleinen, engagierten Team, das mit Kompetenz, Herzblut und viel Gef\u00fchl f\u00fcr Pferde tagt\u00e4glich zum Wohl der Tiere beitr\u00e4gt.<\/p>\n<p>Ob in Zucht oder Ausbildung \u2013 im Gest\u00fct Amurath steht die Beziehung zum Pferd immer an erster Stelle.<\/p>[\/et_pb_text][et_pb_button button_url=&#8220;https:\/\/www.gestuet-amurath.de\/ueber-uns\/&#8220; button_text=&#8220;Mehr \u00fcber uns&#8220; _builder_version=&#8220;4.27.4&#8243; _module_preset=&#8220;default&#8220; global_colors_info=&#8220;{}&#8220;][\/et_pb_button][\/et_pb_column][\/et_pb_row][\/et_pb_section][et_pb_section fb_built=&#8220;1&#8243; _builder_version=&#8220;4.27.4&#8243; _module_preset=&#8220;default&#8220; background_color=&#8220;#F5EFE4&#8243; locked=&#8220;off&#8220; global_colors_info=&#8220;{}&#8220;][et_pb_row column_structure=&#8220;1_3,1_3,1_3&#8243; use_custom_gutter=&#8220;on&#8220; gutter_width=&#8220;2&#8243; _builder_version=&#8220;4.27.4&#8243; _module_preset=&#8220;default&#8220; width=&#8220;65%&#8220; width_tablet=&#8220;80%&#8220; width_phone=&#8220;80%&#8220; width_last_edited=&#8220;on|phone&#8220; max_width=&#8220;65%&#8220; max_width_tablet=&#8220;80%&#8220; max_width_phone=&#8220;80%&#8220; max_width_last_edited=&#8220;on|tablet&#8220; global_colors_info=&#8220;{}&#8220;][et_pb_column type=&#8220;1_3&#8243; _builder_version=&#8220;4.27.4&#8243; _module_preset=&#8220;default&#8220; global_colors_info=&#8220;{}&#8220;][et_pb_image src=&#8220;https:\/\/www.gestuet-amurath.de\/wp-content\/uploads\/2025\/07\/gestuet-amurath-3.jpg&#8220; title_text=&#8220;gestuet-amurath-3&#8243; _builder_version=&#8220;4.27.4&#8243; _module_preset=&#8220;default&#8220; custom_margin=&#8220;||30px||false|false&#8220; box_shadow_style=&#8220;preset3&#8243; global_colors_info=&#8220;{}&#8220;][\/et_pb_image][et_pb_text _builder_version=&#8220;4.27.4&#8243; _module_preset=&#8220;default&#8220; text_font_size=&#8220;12px&#8220; custom_margin=&#8220;-20px||||false|false&#8220; custom_padding=&#8220;|||5px|false|false&#8220; locked=&#8220;off&#8220; global_colors_info=&#8220;{}&#8220;]<div class=\"image-caption\">\u00a9 PV<\/div>[\/et_pb_text][\/et_pb_column][et_pb_column type=&#8220;1_3&#8243; _builder_version=&#8220;4.27.4&#8243; _module_preset=&#8220;default&#8220; global_colors_info=&#8220;{}&#8220;][et_pb_image src=&#8220;https:\/\/www.gestuet-amurath.de\/wp-content\/uploads\/2025\/07\/gestuet-amurath-4.jpg&#8220; title_text=&#8220;gestuet-amurath-4&#8243; _builder_version=&#8220;4.27.4&#8243; _module_preset=&#8220;default&#8220; custom_margin=&#8220;||30px||false|false&#8220; box_shadow_style=&#8220;preset3&#8243; global_colors_info=&#8220;{}&#8220;][\/et_pb_image][et_pb_text _builder_version=&#8220;4.27.4&#8243; _module_preset=&#8220;default&#8220; text_font_size=&#8220;12px&#8220; custom_margin=&#8220;-20px||||false|false&#8220; custom_padding=&#8220;|||5px|false|false&#8220; locked=&#8220;off&#8220; global_colors_info=&#8220;{}&#8220;]<div class=\"image-caption\">\u00a9 PV<\/div>[\/et_pb_text][\/et_pb_column][et_pb_column type=&#8220;1_3&#8243; _builder_version=&#8220;4.27.4&#8243; _module_preset=&#8220;default&#8220; global_colors_info=&#8220;{}&#8220;][et_pb_image src=&#8220;https:\/\/www.gestuet-amurath.de\/wp-content\/uploads\/2025\/07\/gestuet-amurath-1.jpg&#8220; title_text=&#8220;gestuet-amurath-1&#8243; _builder_version=&#8220;4.27.4&#8243; _module_preset=&#8220;default&#8220; custom_margin=&#8220;||30px||false|false&#8220; box_shadow_style=&#8220;preset3&#8243; global_colors_info=&#8220;{}&#8220;][\/et_pb_image][et_pb_text _builder_version=&#8220;4.27.4&#8243; _module_preset=&#8220;default&#8220; text_font_size=&#8220;12px&#8220; custom_margin=&#8220;-20px||||false|false&#8220; custom_padding=&#8220;|||5px|false|false&#8220; locked=&#8220;off&#8220; global_colors_info=&#8220;{}&#8220;]<div class=\"image-caption\">\u00a9 PV<\/div>[\/et_pb_text][\/et_pb_column][\/et_pb_row][\/et_pb_section]\n","protected":false},"excerpt":{"rendered":"<p>Willkommen auf dem Vollblutaraber-Gest\u00fct Amurath. Erleben Sie die Faszination edler Vollblutaraber<br \/>\n- bred with passion, heart and decades of experience.<\/p>","protected":false},"author":1,"featured_media":725,"parent":0,"menu_order":0,"comment_status":"closed","ping_status":"closed","template":"","meta":{"_acf_changed":false,"_et_pb_use_builder":"on","_et_pb_old_content":"","_et_gb_content_width":"","footnotes":""},"class_list":["post-14","page","type-page","status-publish","has-post-thumbnail","hentry"],"acf":[],"yoast_head":"<!-- This site is optimized with the Yoast SEO plugin v27.4 - https:\/\/yoast.com\/product\/yoast-seo-wordpress\/ -->\n<title>Vollblutaraber Gest\u00fct Amurath - Vollblutaraber Gest\u00fct Amurath<\/title>\n<meta name=\"robots\" content=\"index, follow, max-snippet:-1, max-image-preview:large, max-video-preview:-1\" \/>\n<link rel=\"canonical\" href=\"https:\/\/gestuet-amurath.de\/en\/\" \/>\n<meta property=\"og:locale\" content=\"en_GB\" \/>\n<meta property=\"og:type\" content=\"article\" \/>\n<meta property=\"og:title\" content=\"Vollblutaraber Gest\u00fct Amurath - Vollblutaraber Gest\u00fct Amurath\" \/>\n<meta property=\"og:description\" content=\"Willkommen auf dem Vollblutaraber-Gest\u00fct Amurath. Erleben Sie die Faszination edler Vollblutaraber \u2013 mit Leidenschaft, Herz und jahrzehntelanger Erfahrung gez\u00fcchtet.\" \/>\n<meta property=\"og:url\" content=\"https:\/\/gestuet-amurath.de\/en\/\" \/>\n<meta property=\"og:site_name\" content=\"Vollblutaraber Gest\u00fct Amurath\" \/>\n<meta property=\"article:modified_time\" content=\"2025-12-11T11:48:41+00:00\" \/>\n<meta property=\"og:image\" content=\"https:\/\/gestuet-amurath.de\/wp-content\/uploads\/2025\/07\/gestuet-amurath-4.jpg\" \/>\n\t<meta property=\"og:image:width\" content=\"1920\" \/>\n\t<meta property=\"og:image:height\" content=\"1280\" \/>\n\t<meta property=\"og:image:type\" content=\"image\/jpeg\" \/>\n<meta name=\"twitter:card\" content=\"summary_large_image\" \/>\n<meta name=\"twitter:label1\" content=\"Estimated reading time\" \/>\n\t<meta name=\"twitter:data1\" content=\"3 minutes\" \/>\n<script type=\"application\/ld+json\" class=\"yoast-schema-graph\">{\"@context\":\"https:\\\/\\\/schema.org\",\"@graph\":[{\"@type\":\"WebPage\",\"@id\":\"https:\\\/\\\/gestuet-amurath.de\\\/\",\"url\":\"https:\\\/\\\/gestuet-amurath.de\\\/\",\"name\":\"Vollblutaraber Gest\u00fct Amurath - Vollblutaraber Gest\u00fct Amurath\",\"isPartOf\":{\"@id\":\"https:\\\/\\\/gestuet-amurath.de\\\/#website\"},\"primaryImageOfPage\":{\"@id\":\"https:\\\/\\\/gestuet-amurath.de\\\/#primaryimage\"},\"image\":{\"@id\":\"https:\\\/\\\/gestuet-amurath.de\\\/#primaryimage\"},\"thumbnailUrl\":\"https:\\\/\\\/gestuet-amurath.de\\\/wp-content\\\/uploads\\\/2025\\\/07\\\/gestuet-amurath-4.jpg\",\"datePublished\":\"2025-06-10T08:29:25+00:00\",\"dateModified\":\"2025-12-11T11:48:41+00:00\",\"breadcrumb\":{\"@id\":\"https:\\\/\\\/gestuet-amurath.de\\\/#breadcrumb\"},\"inLanguage\":\"en-GB\",\"potentialAction\":[{\"@type\":\"ReadAction\",\"target\":[\"https:\\\/\\\/gestuet-amurath.de\\\/\"]}]},{\"@type\":\"ImageObject\",\"inLanguage\":\"en-GB\",\"@id\":\"https:\\\/\\\/gestuet-amurath.de\\\/#primaryimage\",\"url\":\"https:\\\/\\\/gestuet-amurath.de\\\/wp-content\\\/uploads\\\/2025\\\/07\\\/gestuet-amurath-4.jpg\",\"contentUrl\":\"https:\\\/\\\/gestuet-amurath.de\\\/wp-content\\\/uploads\\\/2025\\\/07\\\/gestuet-amurath-4.jpg\",\"width\":1920,\"height\":1280,\"caption\":\"\u00a9 PV\"},{\"@type\":\"BreadcrumbList\",\"@id\":\"https:\\\/\\\/gestuet-amurath.de\\\/#breadcrumb\",\"itemListElement\":[{\"@type\":\"ListItem\",\"position\":1,\"name\":\"Startseite\",\"item\":\"https:\\\/\\\/gestuet-amurath.de\\\/\"},{\"@type\":\"ListItem\",\"position\":2,\"name\":\"Vollblutaraber Gest\u00fct Amurath\"}]},{\"@type\":\"WebSite\",\"@id\":\"https:\\\/\\\/gestuet-amurath.de\\\/#website\",\"url\":\"https:\\\/\\\/gestuet-amurath.de\\\/\",\"name\":\"Vollblutaraber-Gest\u00fct Amurath\",\"description\":\"Typvolle Araber f\u00fcr Zucht, Sport, Freizeit und Familie aus Weil-Marbacher, polnisch-\u00e4gyptischen und brasilianischen Blutlinien\",\"potentialAction\":[{\"@type\":\"SearchAction\",\"target\":{\"@type\":\"EntryPoint\",\"urlTemplate\":\"https:\\\/\\\/gestuet-amurath.de\\\/?s={search_term_string}\"},\"query-input\":{\"@type\":\"PropertyValueSpecification\",\"valueRequired\":true,\"valueName\":\"search_term_string\"}}],\"inLanguage\":\"en-GB\"}]}<\/script>\n<!-- \/ Yoast SEO plugin. -->","yoast_head_json":{"title":"Amurath Purebred Arabian Stud Farm - Amurath Purebred Arabian Stud Farm","robots":{"index":"index","follow":"follow","max-snippet":"max-snippet:-1","max-image-preview":"max-image-preview:large","max-video-preview":"max-video-preview:-1"},"canonical":"https:\/\/gestuet-amurath.de\/en\/","og_locale":"en_GB","og_type":"article","og_title":"Vollblutaraber Gest\u00fct Amurath - Vollblutaraber Gest\u00fct Amurath","og_description":"Willkommen auf dem Vollblutaraber-Gest\u00fct Amurath. Erleben Sie die Faszination edler Vollblutaraber \u2013 mit Leidenschaft, Herz und jahrzehntelanger Erfahrung gez\u00fcchtet.","og_url":"https:\/\/gestuet-amurath.de\/en\/","og_site_name":"Vollblutaraber Gest\u00fct Amurath","article_modified_time":"2025-12-11T11:48:41+00:00","og_image":[{"width":1920,"height":1280,"url":"https:\/\/gestuet-amurath.de\/wp-content\/uploads\/2025\/07\/gestuet-amurath-4.jpg","type":"image\/jpeg"}],"twitter_card":"summary_large_image","twitter_misc":{"Estimated reading time":"3 minutes"},"schema":{"@context":"https:\/\/schema.org","@graph":[{"@type":"WebPage","@id":"https:\/\/gestuet-amurath.de\/","url":"https:\/\/gestuet-amurath.de\/","name":"Amurath Purebred Arabian Stud Farm - Amurath Purebred Arabian Stud Farm","isPartOf":{"@id":"https:\/\/gestuet-amurath.de\/#website"},"primaryImageOfPage":{"@id":"https:\/\/gestuet-amurath.de\/#primaryimage"},"image":{"@id":"https:\/\/gestuet-amurath.de\/#primaryimage"},"thumbnailUrl":"https:\/\/gestuet-amurath.de\/wp-content\/uploads\/2025\/07\/gestuet-amurath-4.jpg","datePublished":"2025-06-10T08:29:25+00:00","dateModified":"2025-12-11T11:48:41+00:00","breadcrumb":{"@id":"https:\/\/gestuet-amurath.de\/#breadcrumb"},"inLanguage":"en-GB","potentialAction":[{"@type":"ReadAction","target":["https:\/\/gestuet-amurath.de\/"]}]},{"@type":"ImageObject","inLanguage":"en-GB","@id":"https:\/\/gestuet-amurath.de\/#primaryimage","url":"https:\/\/gestuet-amurath.de\/wp-content\/uploads\/2025\/07\/gestuet-amurath-4.jpg","contentUrl":"https:\/\/gestuet-amurath.de\/wp-content\/uploads\/2025\/07\/gestuet-amurath-4.jpg","width":1920,"height":1280,"caption":"\u00a9 PV"},{"@type":"BreadcrumbList","@id":"https:\/\/gestuet-amurath.de\/#breadcrumb","itemListElement":[{"@type":"ListItem","position":1,"name":"Startseite","item":"https:\/\/gestuet-amurath.de\/"},{"@type":"ListItem","position":2,"name":"Vollblutaraber Gest\u00fct Amurath"}]},{"@type":"WebSite","@id":"https:\/\/gestuet-amurath.de\/#website","url":"https:\/\/gestuet-amurath.de\/","name":"Amurath Purebred Arabian Stud Farm","description":"Typical Arabians for breeding, sport, leisure and family from Weil-Marbacher, Polish-Egyptian and Brazilian bloodlines","potentialAction":[{"@type":"SearchAction","target":{"@type":"EntryPoint","urlTemplate":"https:\/\/gestuet-amurath.de\/?s={search_term_string}"},"query-input":{"@type":"PropertyValueSpecification","valueRequired":true,"valueName":"search_term_string"}}],"inLanguage":"en-GB"}]}},"_links":{"self":[{"href":"https:\/\/gestuet-amurath.de\/en\/wp-json\/wp\/v2\/pages\/14","targetHints":{"allow":["GET"]}}],"collection":[{"href":"https:\/\/gestuet-amurath.de\/en\/wp-json\/wp\/v2\/pages"}],"about":[{"href":"https:\/\/gestuet-amurath.de\/en\/wp-json\/wp\/v2\/types\/page"}],"author":[{"embeddable":true,"href":"https:\/\/gestuet-amurath.de\/en\/wp-json\/wp\/v2\/users\/1"}],"replies":[{"embeddable":true,"href":"https:\/\/gestuet-amurath.de\/en\/wp-json\/wp\/v2\/comments?post=14"}],"version-history":[{"count":0,"href":"https:\/\/gestuet-amurath.de\/en\/wp-json\/wp\/v2\/pages\/14\/revisions"}],"wp:featuredmedia":[{"embeddable":true,"href":"https:\/\/gestuet-amurath.de\/en\/wp-json\/wp\/v2\/media\/725"}],"wp:attachment":[{"href":"https:\/\/gestuet-amurath.de\/en\/wp-json\/wp\/v2\/media?parent=14"}],"curies":[{"name":"wp","href":"https:\/\/api.w.org\/{rel}","templated":true}]}}